{"id":1818,"date":"2023-07-15T23:32:28","date_gmt":"2023-07-15T16:32:28","guid":{"rendered":"https:\/\/lemitfoods.com\/?page_id=1818"},"modified":"2025-12-28T16:01:45","modified_gmt":"2025-12-28T09:01:45","slug":"san-xuat","status":"publish","type":"page","link":"https:\/\/lemitfoods.com\/en\/san-xuat\/","title":{"rendered":"S\u1ea3n xu\u1ea5t"},"content":{"rendered":"<h2>\u00a0<\/h2>\n<h2 style=\"text-align: center;\"><span style=\"color: #008000;\"><strong>QUY TR\u00ccNH S\u1ea2N XU\u1ea4T C\u00c1C S\u1ea2N PH\u1ea8M LEMIT<\/strong><\/span><\/h2>\n<p>\u00a0<\/p>\n<div class=\"row\"  id=\"row-352920559\">\n\n\t<div id=\"col-1378000149\" class=\"col medium-6 small-12 large-6\"  >\n\t\t\t\t<div class=\"col-inner\"  >\n\t\t\t\n\t\t\t\n\n  <div class=\"banner has-hover\" id=\"banner-1184404098\">\n          <div class=\"banner-inner fill\">\n        <div class=\"banner-bg fill\" >\n            <div class=\"bg fill bg-fill\"><\/div>\n                        <div class=\"overlay\"><\/div>            \n                    <\/div>\n\t\t\n        <div class=\"banner-layers container\">\n            <div class=\"fill banner-link\"><\/div>            \n   <div id=\"text-box-206779085\" class=\"text-box banner-layer x50 md-x50 lg-x50 y50 md-y50 lg-y50 res-text\">\n                                <div class=\"text-box-content text dark\">\n              \n              <div class=\"text-inner text-center\">\n                  \n<h3 class=\"uppercase\" style=\"text-align: center;\"><strong><span style=\"color: #ffff00;\">NGUY\u00caN LI\u1ec6U <\/span><\/strong><\/h3>\n<h3 class=\"uppercase\" style=\"text-align: center;\"><strong><span style=\"color: #ffff00;\">CH\u00cdNH<\/span><\/strong><\/h3>\n<p><span style=\"font-size: 110%;\">Nguy\u00ean li\u1ec7u ch\u00ednh cho c\u00e1c s\u1ea3n ph\u1ea9m Lemit \u0111\u01b0\u1ee3c l\u00e0m t\u1eeb m\u00edt. <\/span><\/p>\n<p><span style=\"font-size: 110%;\">Ch\u00fang t\u00f4i li\u00ean k\u1ebft v\u1edbi c\u00e1c trang tr\u1ea1i tr\u1ed3ng m\u00edt \u0111\u1ea1t chu\u1ea9n GLOBAL GAP. C\u00e1c qu\u1ea3 m\u00edt \u0111\u1ea3m b\u1ea3o \u0111\u1ed9 tu\u1ed5i thu ho\u1ea1ch ph\u1ee5 thu\u1ed9c v\u00e0o m\u1ee5c \u0111\u00edch s\u1ea3n xu\u1ea5t c\u1ee7a t\u1eebng lo\u1ea1i s\u1ea3n ph\u1ea9m.<\/span><\/p>\n              <\/div>\n           <\/div>\n                            \n<style>\n#text-box-206779085 {\n  width: 60%;\n}\n#text-box-206779085 .text-box-content {\n  font-size: 100%;\n}\n<\/style>\n    <\/div>\n \n        <\/div>\n      <\/div>\n\n            \n<style>\n#banner-1184404098 {\n  padding-top: 99.99%;\n}\n#banner-1184404098 .overlay {\n  background-color: rgba(0, 0, 0, 0.17);\n}\n#banner-1184404098 .ux-shape-divider--top svg {\n  height: 150px;\n  --divider-top-width: 100%;\n}\n#banner-1184404098 .ux-shape-divider--bottom svg {\n  height: 150px;\n  --divider-width: 100%;\n}\n<\/style>\n  <\/div>\n\n\n<a href=\"https:\/\/lemitfoods.com\/en\/category\/san-xuat\/nguyen-lieu-chinh\/\" target=\"_self\" class=\"button success is-outline is-large\"  >\n    <span>T\u00ecm hi\u1ec3u th\u00eam<\/span>\n  <\/a>\n\n\t\t<\/div>\n\t\t\t\t\t<\/div>\n\n\t\n\n\t<div id=\"col-2038112856\" class=\"col medium-6 small-12 large-6\"  >\n\t\t\t\t<div class=\"col-inner\"  >\n\t\t\t\n\t\t\t\n\n  <div class=\"banner has-hover\" id=\"banner-1382138170\">\n          <div class=\"banner-inner fill\">\n        <div class=\"banner-bg fill\" >\n            <div class=\"bg fill bg-fill\"><\/div>\n                        <div class=\"overlay\"><\/div>            \n                    <\/div>\n\t\t\n        <div class=\"banner-layers container\">\n            <div class=\"fill banner-link\"><\/div>            \n   <div id=\"text-box-1898590737\" class=\"text-box banner-layer x50 md-x50 lg-x50 y50 md-y50 lg-y50 res-text\">\n                                <div class=\"text-box-content text dark\">\n              \n              <div class=\"text-inner text-center\">\n                  \n<h3 class=\"uppercase\" style=\"text-align: center;\"><span data-text-color=\"primary\"><strong><span style=\"color: #ffff00;\">C\u00d4NG NGH\u1ec6<\/span><\/strong><\/span><\/h3>\n<h3 class=\"uppercase\" style=\"text-align: center;\"><span data-text-color=\"primary\"><strong><span style=\"color: #ffff00;\">S\u1ea2N XU\u1ea4T<\/span><\/strong><\/span><\/h3>\n<p>S\u1ea3n ph\u1ea9m Lemit Foods \u0111\u01b0\u1ee3c s\u1ea3n xu\u1ea5t theo quy tr\u00ecnh c\u00f4ng ngh\u1ec7 hi\u1ec7n \u0111\u1ea1i, v\u1eadn h\u00e0nh v\u00e0 ki\u1ec3m so\u00e1t theo ti\u00eau chu\u1ea9n ISO 22000:2018, \u0111\u01b0\u1ee3c thi\u1ebft k\u1ebf d\u1ef1a tr\u00ean m\u00f4 h\u00ecnh kinh t\u1ebf tu\u1ea7n ho\u00e0n CIRCO (H\u00e0 Lan).<\/p>\n<p>Ho\u1ea1t \u0111\u1ed9ng R&amp;D v\u00e0 ph\u00e1t tri\u1ec3n quy tr\u00ecnh s\u1ea3n xu\u1ea5t c\u1ee7a Lemit \u0111\u01b0\u1ee3c th\u1ef1c hi\u1ec7n th\u00f4ng qua h\u1ee3p t\u00e1c v\u1edbi c\u00e1c nh\u00e0 khoa h\u1ecdc v\u00e0 chuy\u00ean gia th\u1ef1c ph\u1ea9m h\u00e0ng \u0111\u1ea7u trong v\u00e0 ngo\u00e0i n\u01b0\u1edbc, c\u00f9ng s\u1ef1 t\u01b0 v\u1ea5n v\u00e0 h\u1ed7 tr\u1ee3 k\u1ef9 thu\u1eadt t\u1eeb PUM Netherlands, v\u00e0 Royal Academy of Engineering (UK).<\/p>\n              <\/div>\n           <\/div>\n                            \n<style>\n#text-box-1898590737 {\n  width: 60%;\n}\n#text-box-1898590737 .text-box-content {\n  font-size: 100%;\n}\n<\/style>\n    <\/div>\n \n        <\/div>\n      <\/div>\n\n            \n<style>\n#banner-1382138170 {\n  padding-top: 99.99%;\n}\n#banner-1382138170 .overlay {\n  background-color: rgba(0, 0, 0, 0.17);\n}\n#banner-1382138170 .ux-shape-divider--top svg {\n  height: 150px;\n  --divider-top-width: 100%;\n}\n#banner-1382138170 .ux-shape-divider--bottom svg {\n  height: 150px;\n  --divider-width: 100%;\n}\n<\/style>\n  <\/div>\n\n\n<a href=\"https:\/\/lemitfoods.com\/en\/category\/san-xuat\/cong-nghe\/\" target=\"_self\" class=\"button success is-outline is-large\"  >\n    <span>T\u00ecm hi\u1ec3u th\u00eam<\/span>\n  <\/a>\n\n\t\t<\/div>\n\t\t\t\t\t<\/div>\n\n\t\n\n\t<div id=\"col-1101707683\" class=\"col medium-6 small-12 large-6\"  >\n\t\t\t\t<div class=\"col-inner\"  >\n\t\t\t\n\t\t\t\n\n  <div class=\"banner has-hover\" id=\"banner-1669659836\">\n          <div class=\"banner-inner fill\">\n        <div class=\"banner-bg fill\" >\n            <div class=\"bg fill bg-fill\"><\/div>\n                        <div class=\"overlay\"><\/div>            \n                    <\/div>\n\t\t\n        <div class=\"banner-layers container\">\n            <div class=\"fill banner-link\"><\/div>            \n   <div id=\"text-box-1607774258\" class=\"text-box banner-layer x50 md-x50 lg-x50 y50 md-y50 lg-y50 res-text\">\n                                <div class=\"text-box-content text dark\">\n              \n              <div class=\"text-inner text-center\">\n                  \n\t<div id=\"text-2515096722\" class=\"text\">\n\t\t\n<h3 class=\"uppercase\" style=\"text-align: center;\"><strong><span style=\"color: #ffff00;\">ph\u1ee5 LI\u1ec6U<\/span><\/strong><\/h3>\n<p>C\u00e1c s\u1ea3n ph\u1ea9m c\u1ee7a Lemit Foods \u0111\u01b0\u1ee3c ph\u00e1t tri\u1ec3n t\u1eeb nguy\u00ean li\u1ec7u th\u1ef1c v\u1eadt ch\u1ecdn l\u1ecdc, trong \u0111\u00f3 ph\u1ee5 li\u1ec7u \u0111\u00f3ng vai tr\u00f2 h\u1ed7 tr\u1ee3 c\u1ea5u tr\u00fac, h\u01b0\u01a1ng v\u1ecb v\u00e0 gi\u00e1 tr\u1ecb dinh d\u01b0\u1ee1ng. C\u00e1c ph\u1ee5 li\u1ec7u ch\u00ednh bao g\u1ed3m: \u0111\u1eadu g\u00e0, khoai s\u1ecd, khoai m\u00f4n, n\u1ea5m b\u00e0o ng\u01b0, h\u00e0nh, t\u1ecfi, rong bi\u1ec3n, d\u1ea7u c\u1ecd, d\u1ea7u d\u1eeba v\u00e0 c\u00e1c lo\u1ea1i gia v\u1ecb t\u1ef1 nhi\u00ean.<\/p>\n<p>To\u00e0n b\u1ed9 ph\u1ee5 li\u1ec7u s\u1eed d\u1ee5ng \u0111\u1ec1u c\u00f3 ngu\u1ed3n g\u1ed1c r\u00f5 r\u00e0ng, \u0111\u01b0\u1ee3c l\u1ef1a ch\u1ecdn v\u00e0 ki\u1ec3m so\u00e1t theo ti\u00eau ch\u00ed ch\u1ea5t l\u01b0\u1ee3ng v\u00e0 an to\u00e0n th\u1ef1c ph\u1ea9m. Vi\u1ec7c k\u1ebft h\u1ee3p ph\u1ee5 li\u1ec7u th\u1ef1c v\u1eadt ph\u00f9 h\u1ee3p gi\u00fap s\u1ea3n ph\u1ea9m Lemit \u0111\u1ea1t \u0111\u01b0\u1ee3c k\u1ebft c\u1ea5u \u1ed5n \u0111\u1ecbnh, h\u01b0\u01a1ng v\u1ecb h\u00e0i h\u00f2a, \u0111\u1ed3ng th\u1eddi \u0111\u00e1p \u1ee9ng xu h\u01b0\u1edbng ti\u00eau d\u00f9ng l\u00e0nh m\u1ea1nh v\u00e0 y\u00eau c\u1ea7u \u1ee9ng d\u1ee5ng \u0111a d\u1ea1ng trong ch\u1ebf bi\u1ebfn v\u00e0 kinh doanh.<\/p>\n\t\t\n<style>\n#text-2515096722 {\n  line-height: 1.55;\n}\n<\/style>\n\t<\/div>\n\t\n              <\/div>\n           <\/div>\n                            \n<style>\n#text-box-1607774258 {\n  width: 60%;\n}\n#text-box-1607774258 .text-box-content {\n  font-size: 100%;\n}\n<\/style>\n    <\/div>\n \n        <\/div>\n      <\/div>\n\n            \n<style>\n#banner-1669659836 {\n  padding-top: 99.99%;\n}\n#banner-1669659836 .overlay {\n  background-color: rgba(0, 0, 0, 0.17);\n}\n#banner-1669659836 .ux-shape-divider--top svg {\n  height: 150px;\n  --divider-top-width: 100%;\n}\n#banner-1669659836 .ux-shape-divider--bottom svg {\n  height: 150px;\n  --divider-width: 100%;\n}\n<\/style>\n  <\/div>\n\n\n<a href=\"https:\/\/lemitfoods.com\/en\/category\/san-xuat\/phu-lieu\/\" target=\"_self\" class=\"button success is-outline is-large\"  >\n    <span>T\u00ecm hi\u1ec3u th\u00eam<\/span>\n  <\/a>\n\n\t\t<\/div>\n\t\t\t\t\t<\/div>\n\n\t\n\n\t<div id=\"col-25076509\" class=\"col medium-6 small-12 large-6\"  >\n\t\t\t\t<div class=\"col-inner\"  >\n\t\t\t\n\t\t\t\n\n  <div class=\"banner has-hover\" id=\"banner-1752890747\">\n          <div class=\"banner-inner fill\">\n        <div class=\"banner-bg fill\" >\n            <div class=\"bg fill bg-fill\"><\/div>\n                        <div class=\"overlay\"><\/div>            \n                    <\/div>\n\t\t\n        <div class=\"banner-layers container\">\n            <div class=\"fill banner-link\"><\/div>            \n   <div id=\"text-box-1250802098\" class=\"text-box banner-layer x50 md-x50 lg-x50 y50 md-y50 lg-y50 res-text\">\n                                <div class=\"text-box-content text dark\">\n              \n              <div class=\"text-inner text-center\">\n                  \n\t<div id=\"text-1668436716\" class=\"text\">\n\t\t\n<h3 class=\"uppercase\" style=\"text-align: center;\"><strong><span style=\"color: #ffff00;\">QUY CHU\u1ea8N\u00a0<\/span><\/strong><\/h3>\n<p>Lemit Foods x\u00e2y d\u1ef1ng h\u1ec7 th\u1ed1ng s\u1ea3n xu\u1ea5t d\u1ef1a tr\u00ean c\u00e1c ti\u00eau chu\u1ea9n ch\u1ea5t l\u01b0\u1ee3ng v\u00e0 an to\u00e0n th\u1ef1c ph\u1ea9m nh\u1eb1m \u0111\u1ea3m b\u1ea3o t\u00ednh \u1ed5n \u0111\u1ecbnh, minh b\u1ea1ch v\u00e0 kh\u1ea3 n\u0103ng m\u1edf r\u1ed9ng trong h\u1ee3p t\u00e1c B2B.<\/p>\n<p>V\u00f9ng nguy\u00ean li\u1ec7u \u0111\u01b0\u1ee3c ph\u00e1t tri\u1ec3n theo ti\u00eau chu\u1ea9n GLOBALG.A.P., \u0111\u1ea3m b\u1ea3o th\u1ef1c h\u00e0nh n\u00f4ng nghi\u1ec7p t\u1ed1t, truy xu\u1ea5t ngu\u1ed3n g\u1ed1c v\u00e0 an to\u00e0n cho m\u00f4i tr\u01b0\u1eddng.<\/p>\n<p>X\u01b0\u1edfng s\u1ea3n xu\u1ea5t \u0111\u00e1p \u1ee9ng c\u00e1c quy \u0111\u1ecbnh v\u00e0 \u0111\u01b0\u1ee3c ch\u1ee9ng nh\u1eadn An to\u00e0n Th\u1ef1c ph\u1ea9m (ATTP) theo y\u00eau c\u1ea7u c\u1ee7a c\u01a1 quan ch\u1ee9c n\u0103ng.<\/p>\n<p>Quy tr\u00ecnh s\u1ea3n xu\u1ea5t \u0111\u01b0\u1ee3c thi\u1ebft k\u1ebf v\u00e0 v\u1eadn h\u00e0nh theo ISO 22000:2018, ki\u1ec3m so\u00e1t r\u1ee7i ro an to\u00e0n th\u1ef1c ph\u1ea9m xuy\u00ean su\u1ed1t t\u1eeb nguy\u00ean li\u1ec7u \u0111\u1ebfn th\u00e0nh ph\u1ea9m.<\/p>\n\t\t\n<style>\n#text-1668436716 {\n  line-height: 1.25;\n}\n<\/style>\n\t<\/div>\n\t\n              <\/div>\n           <\/div>\n                            \n<style>\n#text-box-1250802098 {\n  width: 60%;\n}\n#text-box-1250802098 .text-box-content {\n  font-size: 100%;\n}\n<\/style>\n    <\/div>\n \n        <\/div>\n      <\/div>\n\n            \n<style>\n#banner-1752890747 {\n  padding-top: 99.99%;\n}\n#banner-1752890747 .overlay {\n  background-color: rgba(0, 0, 0, 0.17);\n}\n#banner-1752890747 .ux-shape-divider--top svg {\n  height: 150px;\n  --divider-top-width: 100%;\n}\n#banner-1752890747 .ux-shape-divider--bottom svg {\n  height: 150px;\n  --divider-width: 100%;\n}\n<\/style>\n  <\/div>\n\n\n<a href=\"https:\/\/lemitfoods.com\/en\/category\/san-xuat\/quy-chuan\/\" target=\"_self\" class=\"button success is-outline is-large\"  >\n    <span>T\u00ecm hi\u1ec3u th\u00eam<\/span>\n  <\/a>\n\n\t\t<\/div>\n\t\t\t\t\t<\/div>\n\n\t\n<\/div>","protected":false},"excerpt":{"rendered":"<p>\u00a0 QUY TR\u00ccNH S\u1ea2N XU\u1ea4T C\u00c1C S\u1ea2N PH\u1ea8M LEMIT \u00a0<\/p>","protected":false},"author":3,"featured_media":0,"parent":0,"menu_order":0,"comment_status":"closed","ping_status":"closed","template":"page-right-sidebar.php","meta":{"_stopmodifiedupdate":false,"_modified_date":"","footnotes":""},"class_list":["post-1818","page","type-page","status-publish","hentry"],"_links":{"self":[{"href":"https:\/\/lemitfoods.com\/en\/wp-json\/wp\/v2\/pages\/1818","targetHints":{"allow":["GET"]}}],"collection":[{"href":"https:\/\/lemitfoods.com\/en\/wp-json\/wp\/v2\/pages"}],"about":[{"href":"https:\/\/lemitfoods.com\/en\/wp-json\/wp\/v2\/types\/page"}],"author":[{"embeddable":true,"href":"https:\/\/lemitfoods.com\/en\/wp-json\/wp\/v2\/users\/3"}],"replies":[{"embeddable":true,"href":"https:\/\/lemitfoods.com\/en\/wp-json\/wp\/v2\/comments?post=1818"}],"version-history":[{"count":17,"href":"https:\/\/lemitfoods.com\/en\/wp-json\/wp\/v2\/pages\/1818\/revisions"}],"predecessor-version":[{"id":2364,"href":"https:\/\/lemitfoods.com\/en\/wp-json\/wp\/v2\/pages\/1818\/revisions\/2364"}],"wp:attachment":[{"href":"https:\/\/lemitfoods.com\/en\/wp-json\/wp\/v2\/media?parent=1818"}],"curies":[{"name":"wp","href":"https:\/\/api.w.org\/{rel}","templated":true}]}}