{"id":24,"date":"2020-06-15T04:24:45","date_gmt":"2020-06-15T04:24:45","guid":{"rendered":"http:\/\/thuocnam.muathemedep.vn\/?page_id=24"},"modified":"2026-01-19T11:32:20","modified_gmt":"2026-01-19T04:32:20","slug":"lien-he","status":"publish","type":"page","link":"https:\/\/lemitfoods.com\/en\/lien-he\/","title":{"rendered":"Contact"},"content":{"rendered":"<section class=\"section lien-he-page-section\" id=\"section_1649811514\">\n\t\t<div class=\"bg section-bg fill bg-fill  bg-loaded\" >\n\n\t\t\t\n\t\t\t\n\t\t\t\n\n\t\t<\/div>\n\n\t\t\n\n\t\t<div class=\"section-content relative\">\n\t\t\t\n<div class=\"row\"  id=\"row-569782579\">\n\n\t<div id=\"col-998765283\" class=\"col small-12 large-12\"  >\n\t\t\t\t<div class=\"col-inner\"  >\n\t\t\t\n\t\t\t\n<h2 style=\"text-align: center;\"><span style=\"color: #005d1c; font-size: 110%;\">TH\u00d4NG TIN LI\u00caN H\u1ec6<\/span><\/h2>\n<p style=\"text-align: center;\"><span style=\"font-size: 90%;\">Vui l\u00f2ng li\u00ean h\u1ec7 tr\u1ef1c ti\u1ebfp ho\u1eb7c s\u1eed d\u1ee5ng form b\u00ean d\u01b0\u1edbi \u0111\u1ec3 \u0111i\u1ec1n th\u00f4ng tin li\u00ean<\/span><br \/>\n<span style=\"font-size: 90%;\">h\u1ec7 v\u00e0 ch\u00fang t\u00f4i s\u1ebd ph\u1ea3n h\u1ed3i l\u1ea1i trong th\u1eddi gian s\u1edbm nh\u1ea5t c\u00f3 th\u1ec3.<\/span><\/p>\n\t\t<\/div>\n\t\t\t\t\t<\/div>\n\n\t\n<\/div>\n<div class=\"row row-small align-center\"  id=\"row-1983695749\">\n\n\t<div id=\"col-1406555822\" class=\"col medium-6 small-12 large-6\"  >\n\t\t\t\t<div class=\"col-inner text-center\"  >\n\t\t\t\n\t\t\t\n\t<div id=\"text-1808719145\" class=\"text\">\n\t\t\n<p class=\"dia-chi\"><i class=\"fas fa-map-marker-alt\"><\/i> \u0110\u1ecba ch\u1ec9: \u00a0Khu v\u1ef1c 6, Ph\u01b0\u1eddng Ng\u00e3 B\u1ea3y, C\u1ea7n Th\u01a1, Vi\u1ec7t Nam<\/p>\n<p class=\"gmail\"><i class=\"fas fa-envelope\"><\/i> Email: <a href=\"#lemitfoods@gmail.com\"> lemitfoods@gmail.com<\/a><\/p>\n\t\t\n<style>\n#text-1808719145 {\n  text-align: left;\n}\n<\/style>\n\t<\/div>\n\t\n\t<div id=\"text-3616174149\" class=\"text\">\n\t\t\n<p class=\"website\"><i class=\"fab fa-chrome\"><\/i> Website: www.lemitfoods.com<\/p>\n<p class=\"so-hotline\"><i class=\"fas fa-phone\"><\/i> Hotline: <strong>0939.162.261\u00a0<\/strong><\/p>\n<p><img loading=\"lazy\" decoding=\"async\" class=\"alignnone wp-image-2462\" src=\"https:\/\/lemitfoods.com\/wp-content\/uploads\/2026\/01\/z6071371614077_d6ea9d004ef32ab25f088ea105f237f6-1-300x225.jpg\" alt=\"\" width=\"528\" height=\"396\" srcset=\"https:\/\/lemitfoods.com\/wp-content\/uploads\/2026\/01\/z6071371614077_d6ea9d004ef32ab25f088ea105f237f6-1-300x225.jpg 300w, https:\/\/lemitfoods.com\/wp-content\/uploads\/2026\/01\/z6071371614077_d6ea9d004ef32ab25f088ea105f237f6-1-1024x768.jpg 1024w, https:\/\/lemitfoods.com\/wp-content\/uploads\/2026\/01\/z6071371614077_d6ea9d004ef32ab25f088ea105f237f6-1-768x576.jpg 768w, https:\/\/lemitfoods.com\/wp-content\/uploads\/2026\/01\/z6071371614077_d6ea9d004ef32ab25f088ea105f237f6-1-16x12.jpg 16w, https:\/\/lemitfoods.com\/wp-content\/uploads\/2026\/01\/z6071371614077_d6ea9d004ef32ab25f088ea105f237f6-1-24x18.jpg 24w, https:\/\/lemitfoods.com\/wp-content\/uploads\/2026\/01\/z6071371614077_d6ea9d004ef32ab25f088ea105f237f6-1-36x27.jpg 36w, https:\/\/lemitfoods.com\/wp-content\/uploads\/2026\/01\/z6071371614077_d6ea9d004ef32ab25f088ea105f237f6-1-48x36.jpg 48w, https:\/\/lemitfoods.com\/wp-content\/uploads\/2026\/01\/z6071371614077_d6ea9d004ef32ab25f088ea105f237f6-1-510x383.jpg 510w, https:\/\/lemitfoods.com\/wp-content\/uploads\/2026\/01\/z6071371614077_d6ea9d004ef32ab25f088ea105f237f6-1.jpg 1280w\" sizes=\"auto, (max-width: 528px) 100vw, 528px\" \/><\/p>\n\t\t\n<style>\n#text-3616174149 {\n  text-align: left;\n}\n<\/style>\n\t<\/div>\n\t\n\t\t<\/div>\n\t\t\t\t\t<\/div>\n\n\t\n\n\t<div id=\"col-256191243\" class=\"col medium-6 small-12 large-6\"  >\n\t\t\t\t<div class=\"col-inner text-center\"  >\n\t\t\t\n\t\t\t\n<p><iframe loading=\"lazy\" style=\"border: 0;\" src=\"https:\/\/www.google.com\/maps\/embed?pb=!1m18!1m12!1m3!1d251638.01203379603!2d105.61890342962288!3d9.779269643493398!2m3!1f0!2f0!3f0!3m2!1i1024!2i768!4f13.1!3m3!1m2!1s0x31a05ed33ff17821%3A0xad70c6586e1de617!2zVUJORCBwaMaw4budbmcgSGnhu4dwIFRow6BuaA!5e0!3m2!1svi!2s!4v1685002766764!5m2!1svi!2s\" width=\"600\" height=\"450\" allowfullscreen=\"allowfullscreen\"><\/iframe><\/p>\n\t\t<\/div>\n\t\t\t\t\t<\/div>\n\n\t\n<\/div>\n<div class=\"row row-small\"  id=\"row-1320240426\">\n\n\t<div id=\"col-1682758877\" class=\"col medium-1 small-12 large-1\"  >\n\t\t\t\t<div class=\"col-inner\"  >\n\t\t\t\n\t\t\t\n\t\t<\/div>\n\t\t\t\t\t<\/div>\n\n\t\n\n\t<div id=\"col-1751949710\" class=\"col medium-10 small-12 large-10\"  >\n\t\t\t\t<div class=\"col-inner text-center\" style=\"background-color:rgb(19, 114, 52);\" >\n\t\t\t\n\t\t\t\n\n<div class=\"wpcf7 no-js\" id=\"wpcf7-f745-o1\" lang=\"vi\" dir=\"ltr\" data-wpcf7-id=\"745\">\n<div class=\"screen-reader-response\"><p role=\"status\" aria-live=\"polite\" aria-atomic=\"true\"><\/p> <ul><\/ul><\/div>\n<form action=\"\/en\/wp-json\/wp\/v2\/pages\/24#wpcf7-f745-o1\" method=\"post\" class=\"wpcf7-form init\" aria-label=\"Form li\u00ean h\u1ec7\" novalidate=\"novalidate\" data-status=\"init\" data-trp-original-action=\"\/en\/wp-json\/wp\/v2\/pages\/24#wpcf7-f745-o1\">\n<fieldset class=\"hidden-fields-container\"><input type=\"hidden\" name=\"_wpcf7\" value=\"745\" \/><input type=\"hidden\" name=\"_wpcf7_version\" value=\"6.1.5\" \/><input type=\"hidden\" name=\"_wpcf7_locale\" value=\"vi\" \/><input type=\"hidden\" name=\"_wpcf7_unit_tag\" value=\"wpcf7-f745-o1\" \/><input type=\"hidden\" name=\"_wpcf7_container_post\" value=\"0\" \/><input type=\"hidden\" name=\"_wpcf7_posted_data_hash\" value=\"\" \/>\n<\/fieldset>\n<div class=\"form-lien-he\">\n\t<h3>Nh\u1eadp th\u00f4ng tin li\u00ean h\u1ec7\n\t<\/h3>\n\t<div class=\"left\">\n\t\t<div class=\"ho-ten\">\n\t\t\t<p><span class=\"wpcf7-form-control-wrap\" data-name=\"text-887\"><input size=\"40\" maxlength=\"400\" class=\"wpcf7-form-control wpcf7-text wpcf7-validates-as-required\" aria-required=\"true\" aria-invalid=\"false\" placeholder=\"H\u1ecd v\u00e0 t\u00ean (*)\" value=\"\" type=\"text\" name=\"text-887\" \/><\/span>\n\t\t\t<\/p>\n\t\t<\/div>\n\t\t<div class=\"e-mail\">\n\t\t\t<p><span class=\"wpcf7-form-control-wrap\" data-name=\"email-509\"><input size=\"40\" maxlength=\"400\" class=\"wpcf7-form-control wpcf7-email wpcf7-validates-as-required wpcf7-text wpcf7-validates-as-email\" aria-required=\"true\" aria-invalid=\"false\" placeholder=\"Email (*)\" value=\"\" type=\"email\" name=\"email-509\" \/><\/span>\n\t\t\t<\/p>\n\t\t<\/div>\n\t\t<div class=\"dien-thoai\">\n\t\t\t<p><span class=\"wpcf7-form-control-wrap\" data-name=\"tel-895\"><input size=\"40\" maxlength=\"400\" class=\"wpcf7-form-control wpcf7-tel wpcf7-text wpcf7-validates-as-tel\" aria-invalid=\"false\" placeholder=\"\u0110i\u1ec7n tho\u1ea1i\" value=\"\" type=\"tel\" name=\"tel-895\" \/><\/span>\n\t\t\t<\/p>\n\t\t<\/div>\n\t<\/div>\n\t<div class=\"right\">\n\t\t<div class=\"noi-dung\">\n\t\t\t<p><span class=\"wpcf7-form-control-wrap\" data-name=\"textarea-777\"><textarea cols=\"40\" rows=\"10\" maxlength=\"2000\" class=\"wpcf7-form-control wpcf7-textarea wpcf7-validates-as-required\" aria-required=\"true\" aria-invalid=\"false\" placeholder=\"N\u1ed9i dung (*)\" name=\"textarea-777\"><\/textarea><\/span>\n\t\t\t<\/p>\n\t\t<\/div>\n\t<\/div>\n\t<p><input class=\"wpcf7-form-control wpcf7-submit has-spinner\" type=\"submit\" value=\"G\u1eedi Ngay\" \/>\n\t<\/p>\n<\/div><div class=\"wpcf7-response-output\" aria-hidden=\"true\"><\/div>\n<input type=\"hidden\" name=\"trp-form-language\" value=\"en\"\/><\/form>\n<\/div>\n\n\t\t<\/div>\n\t\t\t\t\t<\/div>\n\n\t\n\n\t<div id=\"col-1792164134\" class=\"col medium-1 small-12 large-1\"  >\n\t\t\t\t<div class=\"col-inner\"  >\n\t\t\t\n\t\t\t\n\t\t<\/div>\n\t\t\t\t\t<\/div>\n\n\t\n<\/div>\n\t\t<\/div>\n\n\t\t\n<style>\n#section_1649811514 {\n  padding-top: 30px;\n  padding-bottom: 30px;\n}\n#section_1649811514 .ux-shape-divider--top svg {\n  height: 150px;\n  --divider-top-width: 100%;\n}\n#section_1649811514 .ux-shape-divider--bottom svg {\n  height: 150px;\n  --divider-width: 100%;\n}\n<\/style>\n\t<\/section>","protected":false},"excerpt":{"rendered":"","protected":false},"author":3,"featured_media":0,"parent":0,"menu_order":0,"comment_status":"closed","ping_status":"closed","template":"","meta":{"_stopmodifiedupdate":false,"_modified_date":"","footnotes":""},"class_list":["post-24","page","type-page","status-publish","hentry"],"_links":{"self":[{"href":"https:\/\/lemitfoods.com\/en\/wp-json\/wp\/v2\/pages\/24","targetHints":{"allow":["GET"]}}],"collection":[{"href":"https:\/\/lemitfoods.com\/en\/wp-json\/wp\/v2\/pages"}],"about":[{"href":"https:\/\/lemitfoods.com\/en\/wp-json\/wp\/v2\/types\/page"}],"author":[{"embeddable":true,"href":"https:\/\/lemitfoods.com\/en\/wp-json\/wp\/v2\/users\/3"}],"replies":[{"embeddable":true,"href":"https:\/\/lemitfoods.com\/en\/wp-json\/wp\/v2\/comments?post=24"}],"version-history":[{"count":43,"href":"https:\/\/lemitfoods.com\/en\/wp-json\/wp\/v2\/pages\/24\/revisions"}],"predecessor-version":[{"id":2464,"href":"https:\/\/lemitfoods.com\/en\/wp-json\/wp\/v2\/pages\/24\/revisions\/2464"}],"wp:attachment":[{"href":"https:\/\/lemitfoods.com\/en\/wp-json\/wp\/v2\/media?parent=24"}],"curies":[{"name":"wp","href":"https:\/\/api.w.org\/{rel}","templated":true}]}}