{"id":26,"date":"2020-06-15T04:25:03","date_gmt":"2020-06-15T04:25:03","guid":{"rendered":"http:\/\/thuocnam.muathemedep.vn\/?page_id=26"},"modified":"2026-01-19T11:20:28","modified_gmt":"2026-01-19T04:20:28","slug":"he-thong-phan-phoi","status":"publish","type":"page","link":"https:\/\/lemitfoods.com\/en\/he-thong-phan-phoi\/","title":{"rendered":"Distribution system"},"content":{"rendered":"<h2><span style=\"color: #ed1c24;\" data-text-color=\"primary\"><strong>T\u00ccM KI\u1ebeM \u0110\u1ed0I T\u00c1C PH\u00c2N PH\u1ed0I &#8211; GIA C\u00d4NG OEM NGUY\u00caN LI\u1ec6U<\/strong><\/span><\/h2>\n<h3><strong>D\u00d2NG S\u1ea2N PH\u1ea8M CHAY DINH D\u01af\u1ee0NG D\u1ec4 B\u00c1N <\/strong><strong>\u2013<\/strong><strong> T\u1eea NGUY\u00caN LI\u1ec6U VI\u1ec6T QUEN THU\u1ed8C.<\/strong><\/h3>\n<p>TH\u1ecaT TH\u1ef0C V\u1eacT T\u1eea M\u00cdT NON \u2013 H\u01af\u1edaNG \u0110I M\u1edaI CHO TH\u1ef0C PH\u1ea8M CHAY V\u00c0 PLANT-BASED VI\u1ec6T NAM.<\/p>\n<p>Lemit Foods ph\u00e1t tri\u1ec3n th\u1ecbt th\u1ef1c v\u1eadt t\u1eeb m\u00edt non \u2013 nguy\u00ean li\u1ec7u b\u1ea3n \u0111\u1ecba, \u1ee9ng d\u1ee5ng c\u00f4ng ngh\u1ec7 FoodTech \u0111\u1ec3 t\u1ea1o k\u1ebft c\u1ea5u v\u00e0 h\u01b0\u01a1ng v\u1ecb g\u1ea7n gi\u1ed1ng th\u1ecbt, ph\u00f9 h\u1ee3p \u0103n chay v\u00e0 \u0103n ki\u00eang linh ho\u1ea1t.<\/p>\n<p>Danh m\u1ee5c s\u1ea3n ph\u1ea9m g\u1ed3m pate m\u00edt, ch\u1ea3 l\u1ee5a m\u00edt, ch\u1ea3 gi\u00f2 m\u00edt, nem r\u00e1n m\u00edt, h\u00e1 c\u1ea3o m\u00edt non \u2013 d\u1ec5 ch\u1ebf bi\u1ebfn, quen kh\u1ea9u v\u1ecb, ph\u00f9 h\u1ee3p cho c\u1eeda h\u00e0ng chay, chu\u1ed7i th\u1ef1c ph\u1ea9m v\u00e0 h\u1ec7 th\u1ed1ng ph\u00e2n ph\u1ed1i.<\/p>\n<p>\u0110\u1ed3ng th\u1eddi, Lemit cung c\u1ea5p nguy\u00ean li\u1ec7u th\u1ecbt m\u00edt cho OEM, gia c\u00f4ng s\u1ea3n ph\u1ea9m ri\u00eang v\u00e0 t\u01b0 v\u1ea5n R&amp;D, h\u01b0\u1edbng t\u1edbi ngu\u1ed3n \u0111\u1ea1m th\u1ef1c v\u1eadt tu\u1ea7n ho\u00e0n, carbon th\u1ea5p, ph\u00f9 h\u1ee3p plant-based &amp; th\u1ecbt pha tr\u1ed9n.<\/p>\n<p><img loading=\"lazy\" decoding=\"async\" class=\"alignnone wp-image-2444\" src=\"https:\/\/lemitfoods.com\/wp-content\/uploads\/2026\/01\/Images-1-300x300.png\" alt=\"\" width=\"494\" height=\"494\" srcset=\"https:\/\/lemitfoods.com\/wp-content\/uploads\/2026\/01\/Images-1-300x300.png 300w, https:\/\/lemitfoods.com\/wp-content\/uploads\/2026\/01\/Images-1-150x150.png 150w, https:\/\/lemitfoods.com\/wp-content\/uploads\/2026\/01\/Images-1-12x12.png 12w, https:\/\/lemitfoods.com\/wp-content\/uploads\/2026\/01\/Images-1-24x24.png 24w, https:\/\/lemitfoods.com\/wp-content\/uploads\/2026\/01\/Images-1-36x36.png 36w, https:\/\/lemitfoods.com\/wp-content\/uploads\/2026\/01\/Images-1-48x48.png 48w, https:\/\/lemitfoods.com\/wp-content\/uploads\/2026\/01\/Images-1-100x100.png 100w\" sizes=\"auto, (max-width: 494px) 100vw, 494px\" \/><\/p>\n<p><strong>* \u0110\u1ed1i v\u1edbi nh\u00e0 ph\u00e2n ph\u1ed1i \/ \u0111\u1ea1i l\u00fd<\/strong><\/p>\n<p>B\u1ea1n \u0111ang t\u00ecm s\u1ea3n ph\u1ea9m chay d\u1ec5 b\u00e1n \u2013 d\u1ec5 tri\u1ec3n khai \u2013 ngu\u1ed3n g\u1ed1c r\u00f5 r\u00e0ng?<br \/>\n\ud83d\udc49 Li\u00ean h\u1ec7 Lemit \u0111\u1ec3 nh\u1eadn danh m\u1ee5c s\u1ea3n ph\u1ea9m, ch\u00ednh s\u00e1ch ph\u00e2n ph\u1ed1i &amp; chi\u1ebft kh\u1ea5u h\u1ea5p d\u1eabn.<\/p>\n<p><img loading=\"lazy\" decoding=\"async\" class=\"alignnone wp-image-2442\" src=\"https:\/\/lemitfoods.com\/wp-content\/uploads\/2026\/01\/Images-2-300x300.png\" alt=\"\" width=\"496\" height=\"496\" srcset=\"https:\/\/lemitfoods.com\/wp-content\/uploads\/2026\/01\/Images-2-300x300.png 300w, https:\/\/lemitfoods.com\/wp-content\/uploads\/2026\/01\/Images-2-150x150.png 150w, https:\/\/lemitfoods.com\/wp-content\/uploads\/2026\/01\/Images-2-768x768.png 768w, https:\/\/lemitfoods.com\/wp-content\/uploads\/2026\/01\/Images-2-12x12.png 12w, https:\/\/lemitfoods.com\/wp-content\/uploads\/2026\/01\/Images-2-24x24.png 24w, https:\/\/lemitfoods.com\/wp-content\/uploads\/2026\/01\/Images-2-36x36.png 36w, https:\/\/lemitfoods.com\/wp-content\/uploads\/2026\/01\/Images-2-48x48.png 48w, https:\/\/lemitfoods.com\/wp-content\/uploads\/2026\/01\/Images-2-510x510.png 510w, https:\/\/lemitfoods.com\/wp-content\/uploads\/2026\/01\/Images-2-100x100.png 100w, https:\/\/lemitfoods.com\/wp-content\/uploads\/2026\/01\/Images-2.png 1024w\" sizes=\"auto, (max-width: 496px) 100vw, 496px\" \/><\/p>\n<p><strong>* \u0110\u1ed1i v\u1edbi nh\u00e0 s\u1ea3n xu\u1ea5t OEM \/ R&amp;D<\/strong><\/p>\n<p>B\u1ea1n c\u1ea7n nguy\u00ean li\u1ec7u th\u1ef1c v\u1eadt m\u1edbi \u0111\u1ec3 ph\u00e1t tri\u1ec3n s\u1ea3n ph\u1ea9m ri\u00eang?<br \/>\n\ud83d\udc49 K\u1ebft n\u1ed1i Lemit \u0111\u1ec3 trao \u0111\u1ed5i gia c\u00f4ng OEM, ph\u00e1t tri\u1ec3n c\u00f4ng th\u1ee9c v\u00e0 t\u01b0 v\u1ea5n R&amp;D.<\/p>\n<p><img loading=\"lazy\" decoding=\"async\" class=\"alignnone wp-image-2443\" src=\"https:\/\/lemitfoods.com\/wp-content\/uploads\/2026\/01\/Images-3-300x300.png\" alt=\"\" width=\"496\" height=\"496\" srcset=\"https:\/\/lemitfoods.com\/wp-content\/uploads\/2026\/01\/Images-3-300x300.png 300w, https:\/\/lemitfoods.com\/wp-content\/uploads\/2026\/01\/Images-3-150x150.png 150w, https:\/\/lemitfoods.com\/wp-content\/uploads\/2026\/01\/Images-3-768x766.png 768w, https:\/\/lemitfoods.com\/wp-content\/uploads\/2026\/01\/Images-3-12x12.png 12w, https:\/\/lemitfoods.com\/wp-content\/uploads\/2026\/01\/Images-3-24x24.png 24w, https:\/\/lemitfoods.com\/wp-content\/uploads\/2026\/01\/Images-3-36x36.png 36w, https:\/\/lemitfoods.com\/wp-content\/uploads\/2026\/01\/Images-3-48x48.png 48w, https:\/\/lemitfoods.com\/wp-content\/uploads\/2026\/01\/Images-3-510x509.png 510w, https:\/\/lemitfoods.com\/wp-content\/uploads\/2026\/01\/Images-3-100x100.png 100w, https:\/\/lemitfoods.com\/wp-content\/uploads\/2026\/01\/Images-3.png 1024w\" sizes=\"auto, (max-width: 496px) 100vw, 496px\" \/><\/p>\n<p><strong>X\u01b0\u1edfng s\u1ea3n xu\u1ea5t<\/strong>: Khu v\u1ef1c 6, P. Ng\u00e3 B\u1ea3y, C\u1ea7n Th\u01a1<\/p>\n<p><img loading=\"lazy\" decoding=\"async\" class=\"wp-image-2445 alignleft\" src=\"https:\/\/lemitfoods.com\/wp-content\/uploads\/2026\/01\/Images-4-300x300.png\" alt=\"\" width=\"495\" height=\"495\" srcset=\"https:\/\/lemitfoods.com\/wp-content\/uploads\/2026\/01\/Images-4-300x300.png 300w, https:\/\/lemitfoods.com\/wp-content\/uploads\/2026\/01\/Images-4-150x150.png 150w, https:\/\/lemitfoods.com\/wp-content\/uploads\/2026\/01\/Images-4-768x767.png 768w, https:\/\/lemitfoods.com\/wp-content\/uploads\/2026\/01\/Images-4-12x12.png 12w, https:\/\/lemitfoods.com\/wp-content\/uploads\/2026\/01\/Images-4-24x24.png 24w, https:\/\/lemitfoods.com\/wp-content\/uploads\/2026\/01\/Images-4-36x36.png 36w, https:\/\/lemitfoods.com\/wp-content\/uploads\/2026\/01\/Images-4-48x48.png 48w, https:\/\/lemitfoods.com\/wp-content\/uploads\/2026\/01\/Images-4-510x510.png 510w, https:\/\/lemitfoods.com\/wp-content\/uploads\/2026\/01\/Images-4-100x100.png 100w, https:\/\/lemitfoods.com\/wp-content\/uploads\/2026\/01\/Images-4.png 1024w\" sizes=\"auto, (max-width: 495px) 100vw, 495px\" \/><\/p>\n<p>&nbsp;<\/p>\n<p>&nbsp;<\/p>\n<p>&nbsp;<\/p>\n<p>&nbsp;<\/p>\n<p>&nbsp;<\/p>\n<p>&nbsp;<\/p>\n<p>&nbsp;<\/p>\n<p>&nbsp;<\/p>\n<p>&nbsp;<\/p>\n<p>&nbsp;<\/p>\n<p>\ud83d\udcde 0778 196 421 v\u00e0 0939162261 (Ms. Nhung)<br \/>\n\u2709\ufe0f lemitfoods@gmail.com<br \/>\n\ud83c\udf10 <a href=\"https:\/\/lemitfoods.com\/en\/\">https:\/\/lemitfoods.com<\/a><\/p>\n<p><strong>Lemit Foods \u2013 Ti\u00ean phong c\u00f4ng ngh\u1ec7 th\u1ecbt th\u1ef1c v\u1eadt t\u1eeb m\u00edt non, m\u00f4 h\u00ecnh Tu\u1ea7n ho\u00e0n \u2013 FoodTech \u2013 Climate Smart Food.<\/strong><\/p>","protected":false},"excerpt":{"rendered":"<p>T\u00ccM KI\u1ebeM \u0110\u1ed0I T\u00c1C PH\u00c2N PH\u1ed0I &#8211; GIA C\u00d4NG OEM NGUY\u00caN LI\u1ec6U D\u00d2NG S\u1ea2N PH\u1ea8M CHAY DINH D\u01af\u1ee0NG D\u1ec4 B\u00c1N \u2013 T\u1eea NGUY\u00caN LI\u1ec6U VI\u1ec6T QUEN THU\u1ed8C. TH\u1ecaT TH\u1ef0C V\u1eacT T\u1eea M\u00cdT NON \u2013 H\u01af\u1edaNG \u0110I M\u1edaI CHO TH\u1ef0C PH\u1ea8M CHAY V\u00c0 PLANT-BASED VI\u1ec6T NAM. Lemit Foods ph\u00e1t tri\u1ec3n th\u1ecbt th\u1ef1c v\u1eadt t\u1eeb m\u00edt non&#8230;<\/p>","protected":false},"author":3,"featured_media":0,"parent":0,"menu_order":0,"comment_status":"closed","ping_status":"closed","template":"","meta":{"_stopmodifiedupdate":false,"_modified_date":"","footnotes":""},"class_list":["post-26","page","type-page","status-publish","hentry"],"_links":{"self":[{"href":"https:\/\/lemitfoods.com\/en\/wp-json\/wp\/v2\/pages\/26","targetHints":{"allow":["GET"]}}],"collection":[{"href":"https:\/\/lemitfoods.com\/en\/wp-json\/wp\/v2\/pages"}],"about":[{"href":"https:\/\/lemitfoods.com\/en\/wp-json\/wp\/v2\/types\/page"}],"author":[{"embeddable":true,"href":"https:\/\/lemitfoods.com\/en\/wp-json\/wp\/v2\/users\/3"}],"replies":[{"embeddable":true,"href":"https:\/\/lemitfoods.com\/en\/wp-json\/wp\/v2\/comments?post=26"}],"version-history":[{"count":18,"href":"https:\/\/lemitfoods.com\/en\/wp-json\/wp\/v2\/pages\/26\/revisions"}],"predecessor-version":[{"id":2451,"href":"https:\/\/lemitfoods.com\/en\/wp-json\/wp\/v2\/pages\/26\/revisions\/2451"}],"wp:attachment":[{"href":"https:\/\/lemitfoods.com\/en\/wp-json\/wp\/v2\/media?parent=26"}],"curies":[{"name":"wp","href":"https:\/\/api.w.org\/{rel}","templated":true}]}}