{"id":2050,"date":"2025-03-30T21:48:20","date_gmt":"2025-03-30T14:48:20","guid":{"rendered":"https:\/\/lemitfoods.com\/?post_type=product&#038;p=2050"},"modified":"2025-12-28T11:54:12","modified_gmt":"2025-12-28T04:54:12","slug":"cha-gio-mit-dac-biet","status":"publish","type":"product","link":"https:\/\/lemitfoods.com\/en\/product\/cha-gio-mit-dac-biet\/","title":{"rendered":"CH\u1ea2 GI\u00d2 M\u00cdT (\u0110\u1eb7c bi\u1ec7t)"},"content":{"rendered":"<p><strong>Nh\u00e0 cung c\u1ea5p<\/strong>: C\u00d4NG TY C\u1ed4 PH\u1ea6N C\u00d4NG NGH\u1ec6 TH\u1ef0C PH\u1ea8M S\u00c1NG T\u1ea0O<\/p>\n<p><strong>Th\u00e0nh ph\u1ea7n: <\/strong><\/p>\n<p><strong>Nh\u00e2n b\u00e1nh<\/strong><strong>: <\/strong>Th\u1ecbt m\u00edt (80%), \u0111\u1eadu H\u00e0 lan (15%), chi\u1ebft xu\u1ea5t \u0111\u1ea1m \u0111\u1eadu n\u00e0nh, n\u1ea5m m\u00e8o, c\u00e0 r\u1ed1t, h\u00e0nh t\u00edm, chi\u1ebft xu\u1ea5t c\u1ee7 d\u1ec1n, mu\u1ed1i h\u1ed3ng, chi\u1ebft xu\u1ea5t n\u1ea5m men, d\u1ea7u th\u1ef1c v\u1eadt.<\/p>\n<p><strong>V\u1ecf b\u00e1nh<\/strong>: B\u1ed9t m\u00ec (99%), mu\u1ed1i (0,9%), b\u1ed9t \u0111\u1eadu xanh (0,1%)<\/p>\n<p><strong>Nguy\u00ean li\u1ec7u v\u00e0 v\u00f9ng ch\u1ebf bi\u1ebfn<\/strong>: S\u1ea3n ph\u1ea9m ch\u1ebf bi\u1ebfn t\u1eeb ngu\u1ed3n nguy\u00ean li\u1ec7u m\u00edt non c\u1ee7a t\u1ec9nh H\u1eadu Giang \u0111\u01b0\u1ee3c canh t\u00e1c theo qui tr\u00ecnh h\u1eefu c\u01a1 \u0111\u1ea1t chu\u1ea9n Globalgap.<\/p>\n<p><strong>Ti\u00eau chu\u1ea9n nh\u00e0 x\u01b0\u1edfng:<\/strong> ISO 22000:2018, HACCP Codex.<\/p>\n<p><strong>Th\u01b0\u01a1ng hi\u1ec7u:<\/strong> S\u1ea3n ph\u1ea9m c\u00f4ng nghi\u1ec7p, n\u00f4ng th\u00f4n ti\u00eau bi\u1ec3u c\u1ea5p t\u1ec9nh 2024, s\u1ea3n ph\u1ea9m Ocop 4 sao c\u1ea5p T\u1ec9nh, S\u1ea3n ph\u1ea9m chu\u1ed7i cung \u1ee9ng s\u1ea3n ph\u1ea9m an to\u00e0n.<\/p>\n<p><strong>Ph\u01b0\u01a1ng ph\u00e1p ch\u1ebf bi\u1ebfn:<\/strong> T\u1eeb nh\u1eefng tr\u00e1i m\u00edt non t\u01b0\u01a1i, \u0111\u01b0\u1ee3c c\u1eaft tr\u1ef1c ti\u1ebfp v\u00e0 v\u1eadn chuy\u1ec3n v\u1ec1 c\u00f4ng ty m\u1ed7i ng\u00e0y, \u0111\u01b0\u1ee3c s\u01a1 ch\u1ebf k\u0129 l\u01b0\u1ee1ng, c\u00f4ng phu v\u00e0 \u1ee9ng d\u1ee5ng c\u00f4ng ngh\u1ec7 ch\u1ebf bi\u1ebfn ti\u1ec7t tr\u00f9ng hi\u1ec7n \u0111\u1ea1i. T\u1eeb th\u1ecbt c\u1ee7a tr\u00e1i m\u00edt non t\u01b0\u01a1i ngon qua \u0111\u01b0\u1ee3c \u1ee9ng d\u1ee5ng c\u00e1c k\u0129 thu\u1eadt v\u1eadt l\u00fd v\u00e0 k\u0129 thu\u1eadt sinh h\u1ecdc nh\u1eb1m t\u00e1i t\u1ea1o c\u1ea5u tr\u00fac c\u1ee7a \u201cTh\u1ecbt m\u00edt\u201d gi\u1ed1ng nh\u01b0 th\u1ecbt \u0111\u1ed9ng v\u1eadt d\u1ea1ng xay nhuy\u1ec5n&#8230; T\u1eeb nguy\u00ean li\u1ec7u \u201cTh\u1ecbt m\u00edt\u201d n\u00e0y, ch\u00fang t\u00f4i \u0111\u01b0a v\u00e0o qui tr\u00ecnh s\u1ea3n xu\u1ea5t hi\u1ec7n \u0111\u1ea1i, \u0111\u01b0\u1ee3c ki\u1ec3m so\u00e1t ch\u1eb7t ch\u1ebd, nghi\u00eam ng\u1eb7t v\u00e0 c\u1ea5p \u0111\u00f4ng \u0111\u1ea1t chu\u1ea9n \u1edf nhi\u1ec7t \u0111\u1ed9 &#8211; 25 \u0111\u1ed9 C nh\u1eb1m \u1ee9c ch\u1ebf s\u1ef1 ph\u00e1t tri\u1ec3n c\u1ee7a vi khu\u1ea9n, nh\u1eb1m t\u0103ng th\u1eddi gian b\u1ea3o qu\u1ea3n v\u00e0 t\u1ed1i \u01b0u h\u01b0\u01a1ng v\u1ecb t\u1ef1 nhi\u00ean c\u1ee7a s\u1ea3n ph\u1ea9m.<\/p>\n<p><strong>\u0110\u1eb7c \u0111i\u1ec3m s\u1ea3n ph\u1ea9m: <\/strong>100% thu\u1ea7n th\u1ef1c v\u1eadt, thu\u1ea7n chay, kh\u00f4ng ch\u1ee9a gluten, kh\u00f4ng ch\u1ee9a tr\u1ee9ng, kh\u00f4ng ch\u1ea5t b\u1ea3o qu\u1ea3n\u2026 V\u1ecb ng\u1ecdt t\u1ef1 nhi\u00ean c\u1ee7a s\u1ea3n ph\u1ea9m \u0111\u01b0\u1ee3c k\u1ebft h\u1ee3p t\u1eeb mu\u1ed1i h\u1ed3ng himalaya v\u00e0 chi\u1ebft xu\u1ea5t n\u1ea5m men gi\u00fap c\u00e2n b\u1eb1ng c\u00e1c viatmin v\u00e0 kho\u00e1ng ch\u1ea5t trong s\u1ea3n ph\u1ea9m\u2026 S\u1ea3n ph\u1ea9m c\u00f3 th\u1ec3 d\u00f9ng d\u00e0nh ng\u01b0\u1eddi \u0103n chay, ng\u01b0\u1eddi \u0103n ki\u00eang-th\u1ef1c d\u01b0\u1ee1ng, v\u00e0 ng\u01b0\u1eddi mong mu\u1ed1n c\u00f3 ch\u1ebf \u0111\u1ed9 \u0103n thay th\u1ebf th\u1ecbt\u2026<\/p>\n<p><strong>\u0110\u1ed1i t\u01b0\u1ee3ng s\u1eed d\u1ee5ng:<\/strong> Ph\u00f9 h\u1ee3p cho m\u1ecdi l\u1ee9a tu\u1ed5i.<\/p>\n<p><strong>C\u00e1ch s\u1eed d\u1ee5ng<\/strong>: Kh\u00f4ng c\u1ea7n r\u00e3 \u0111\u00f4ng s\u1ea3n ph\u1ea9m. Chi\u00ean ng\u1eadp trong d\u1ea7u \u1edf nhi\u1ec7t \u0111\u1ed9 170-180<sup>0<\/sup>C, \u0111\u1ebfn khi v\u00e0ng. Ngon h\u01a1n, gi\u00f2n h\u01a1n, l\u00e2u m\u1ec1m h\u01a1n khi chi\u00ean b\u1eb1ng n\u1ed3i chi\u00ean kh\u00f4ng d\u1ea7u.<\/p>\n<p><strong>Th\u00f4ng tin c\u1ea3nh b\u00e1o:<\/strong> Kh\u00f4ng s\u1eed d\u1ee5ng s\u1ea3n ph\u1ea9m h\u1ebft h\u1ea1n, h\u01b0 h\u1ecfng ho\u1eb7c khi d\u1ecb \u1ee9ng v\u1edbi b\u1ea5t k\u1ef3 th\u00e0nh ph\u1ea7n n\u00e0o c\u1ee7a s\u1ea3n ph\u1ea9m.<\/p>\n<p><strong>B\u1ea3o qu\u1ea3n: <\/strong>\u00a0C\u1ea5p \u0111\u00f4ng s\u1ea3n ph\u1ea9m: b\u1ea3o qu\u1ea3n ng\u0103n \u0111\u00f4ng t\u1ee7 l\u1ea1nh t\u1eeb ( -8<sup>0<\/sup>C \u0111\u1ebfn -18<sup>0<\/sup>C)<\/p>\n<p><strong>Ng\u00e0y s\u1ea3n xu\u1ea5t<\/strong>: Xem tr\u00ean bao b\u00ec<\/p>\n<p><strong>Expiry date<\/strong> 12 th\u00e1ng k\u1ec3 t\u1eeb ng\u00e0y s\u1ea3n xu\u1ea5t<\/p>\n<p><strong>N\u01a1i s\u1ea3n xu\u1ea5t<\/strong>: C\u00f4ng ty c\u1ed5 ph\u1ea7n C\u00f4ng ngh\u1ec7 Th\u1ef1c ph\u1ea9m S\u00e1ng t\u1ea1o (IFT)<\/p>\n<p><strong>Address:<\/strong> Khu v\u1ef1c 6, Ph\u01b0\u1eddng Ng\u00e3 B\u1ea3y, t\u1ec9nh C\u1ea7n Th\u01a1<\/p>\n<p><strong>Email:<\/strong> lemitfoods@gmail.com<\/p>\n<p><strong>Website:<\/strong> <a href=\"https:\/\/lemitfoods.com\/en\/\">www.lemitfoods.com<\/a><\/p>","protected":false},"excerpt":{"rendered":"<p>Tr\u1ecdng l\u01b0\u1ee3ng: 500g\/ t\u00fai.<\/p>\n<p>Contact to more information<\/p>","protected":false},"featured_media":2272,"comment_status":"closed","ping_status":"closed","template":"","meta":{"_stopmodifiedupdate":false,"_modified_date":""},"product_brand":[],"product_cat":[26],"product_tag":[],"class_list":{"0":"post-2050","1":"product","2":"type-product","3":"status-publish","4":"has-post-thumbnail","6":"product_cat-dong-lanh","8":"first","9":"instock","10":"shipping-taxable","11":"purchasable","12":"product-type-simple"},"_links":{"self":[{"href":"https:\/\/lemitfoods.com\/en\/wp-json\/wp\/v2\/product\/2050","targetHints":{"allow":["GET"]}}],"collection":[{"href":"https:\/\/lemitfoods.com\/en\/wp-json\/wp\/v2\/product"}],"about":[{"href":"https:\/\/lemitfoods.com\/en\/wp-json\/wp\/v2\/types\/product"}],"replies":[{"embeddable":true,"href":"https:\/\/lemitfoods.com\/en\/wp-json\/wp\/v2\/comments?post=2050"}],"wp:featuredmedia":[{"embeddable":true,"href":"https:\/\/lemitfoods.com\/en\/wp-json\/wp\/v2\/media\/2272"}],"wp:attachment":[{"href":"https:\/\/lemitfoods.com\/en\/wp-json\/wp\/v2\/media?parent=2050"}],"wp:term":[{"taxonomy":"product_brand","embeddable":true,"href":"https:\/\/lemitfoods.com\/en\/wp-json\/wp\/v2\/product_brand?post=2050"},{"taxonomy":"product_cat","embeddable":true,"href":"https:\/\/lemitfoods.com\/en\/wp-json\/wp\/v2\/product_cat?post=2050"},{"taxonomy":"product_tag","embeddable":true,"href":"https:\/\/lemitfoods.com\/en\/wp-json\/wp\/v2\/product_tag?post=2050"}],"curies":[{"name":"wp","href":"https:\/\/api.w.org\/{rel}","templated":true}]}}